{"id":1422,"date":"2016-02-12T08:13:33","date_gmt":"2016-02-12T08:13:33","guid":{"rendered":"http:\/\/demos.famethemes.com\/onepress\/?page_id=26"},"modified":"2025-09-17T12:23:33","modified_gmt":"2025-09-17T12:23:33","slug":"enseignement","status":"publish","type":"page","link":"https:\/\/sp12.fr\/accueil\/enseignement\/","title":{"rendered":"Enseignement"},"content":{"rendered":"\n<h2 class=\"wp-block-heading\">Cours<\/h2>\n\n\n<ul>\n<li>A partir de\u00a0<strong>3 ans et demi<\/strong>\u00a0(Moyenne Section en septembre) et jusqu&rsquo;\u00e0\u00a0<strong>65 ans<\/strong>\u00a0(\u00e2ge de notre doyen)<\/li>\n<li><strong>97<\/strong>\u00a0ceintures noires du 1er au 6e DAN form\u00e9s au club (<strong>95%<\/strong>\u00a0de r\u00e9ussite aux examens avec 136 examens r\u00e9ussis)<\/li>\n<li><strong>36<\/strong>\u00a0semaines de cours de septembre \u00e0 juin, 4 semaines de stage par an et 1 s\u00e9jour nature<\/li>\n<li>Un directeur technique\u00a0<strong>6e DAN<\/strong>\u00a0entour\u00e9 de<\/li>\n<li>12 assistants du 1er au 5e DAN (AFA, DAF, DIF, TFP)<\/li>\n<\/ul>\n\n\n<div class=\"wp-block-group\"><div class=\"wp-block-group__inner-container is-layout-constrained wp-block-group-is-layout-constrained\">\n<div id=\"cours-initiation\" class=\"wp-block-group\"><div class=\"wp-block-group__inner-container is-layout-constrained wp-block-group-is-layout-constrained\">\n<div class=\"wp-block-group\"><div class=\"wp-block-group__inner-container is-layout-constrained wp-block-group-is-layout-constrained\">\n<h3 class=\"wp-block-heading\" id=\"cours-initiation\"><mark style=\"background-color:rgba(0, 0, 0, 0)\" class=\"has-inline-color has-vivid-red-color\">COURS INITIATION:&nbsp;<strong>4-5 ans&nbsp;<\/strong><\/mark><\/h3>\n\n\n\n<p><span style=\"text-decoration: underline;\">Objectif <\/span>: d\u00e9couverte des Arts Martiaux<br>(Baby Karat\u00e9 et Baby Ju Jitsu)<\/p>\n\n\n\n<ul>\n<li>Mardi 17h30 \u2013 18h15\u00a0<br><strong>Tarif\u00a0: 252\u00a0euros \/ an *\u00a0<\/strong>pour 1 cours par semaine <\/li>\n<\/ul>\n<\/div><\/div>\n<\/div><\/div>\n<\/div><\/div>\n\n\n\n<div class=\"wp-block-group\"><div class=\"wp-block-group__inner-container is-layout-constrained wp-block-group-is-layout-constrained\">\n<div class=\"wp-block-group\"><div class=\"wp-block-group__inner-container is-layout-constrained wp-block-group-is-layout-constrained\">\n<div id=\"cours-enfant-initiation\" class=\"wp-block-group\"><div class=\"wp-block-group__inner-container is-layout-constrained wp-block-group-is-layout-constrained\">\n<h3 class=\"wp-block-heading\" id=\"cours-enfant-initiation\"><mark style=\"background-color:rgba(0, 0, 0, 0)\" class=\"has-inline-color has-vivid-red-color\">COURS ENFANTS :&nbsp;<strong>6-9ans<\/strong><\/mark><\/h3>\n\n\n\n<p>Niveau ceinture&nbsp;blanche&nbsp;\u00e0 jaune<br><span style=\"text-decoration: underline;\">Objectifs <\/span>: initiation et pratique de loisir<\/p>\n\n\n\n<ul>\n<li>Jeudi 17h &#8211; 18h15<\/li>\n\n\n\n<li>Samedi 10h15&nbsp;\u2013 11h30<\/li>\n\n\n\n<li>Perfectionnement Kata \/ Combat et Pr\u00e9paration \u00e0 la Comp\u00e9tition: Samedi 14h-16h<br><strong>Tarif&nbsp;: 304&nbsp;euros \/ an *<\/strong>&nbsp;pour 1 cours par semaine (+100\u20ac par cours suppl\u00e9mentaire)<\/li>\n<\/ul>\n<\/div><\/div>\n<\/div><\/div>\n\n\n\n<div class=\"wp-block-group\"><div class=\"wp-block-group__inner-container is-layout-constrained wp-block-group-is-layout-constrained\">\n<div id=\"cours-enfant-avance\" class=\"wp-block-group\"><div class=\"wp-block-group__inner-container is-layout-constrained wp-block-group-is-layout-constrained\">\n<h3 class=\"wp-block-heading\" id=\"cours-enfant-avance\"><mark style=\"background-color:rgba(0, 0, 0, 0)\" class=\"has-inline-color has-vivid-red-color\">COURS ENFANTS :&nbsp;<strong>8-12&nbsp;ans&nbsp;<\/strong><\/mark><\/h3>\n\n\n\n<p>Niveau ceinture jaune-orange \u00e0 orange-verte<br><span style=\"text-decoration: underline;\">Objectifs<\/span> : perfectionnement et pratique de loisir<\/p>\n\n\n\n<ul>\n<li>Mardi 18h15&nbsp;\u2013 19h30&nbsp;<\/li>\n\n\n\n<li>Perfectionnement Kata \/ Combat et Pr\u00e9paration \u00e0 la Comp\u00e9tition:\n<ul>\n<li>13h30-14h30 : Kumite Benjamin \/ Minime<\/li>\n\n\n\n<li>14h30-15h30 : Kata Benjamin \/ Minime<\/li>\n\n\n\n<li>15h30-17h00 : Kata \/ Kumite Poussin \/ Pupille<br><strong>Tarif&nbsp;: 304 euros \/ an *<\/strong>&nbsp;pour 1 cours par semaine (+100\u20ac par cours suppl\u00e9mentaire)<\/li>\n<\/ul>\n<\/li>\n<\/ul>\n<\/div><\/div>\n\n\n\n<p><\/p>\n\n\n\n<div id=\"cours-ado\" class=\"wp-block-group\"><div class=\"wp-block-group__inner-container is-layout-constrained wp-block-group-is-layout-constrained\">\n<h3 class=\"wp-block-heading\" id=\"cours-ado\"><mark style=\"background-color:rgba(0, 0, 0, 0)\" class=\"has-inline-color has-vivid-red-color\">COURS PRE ADOS et ADOS :&nbsp;<strong>10-18&nbsp;ans&nbsp;<\/strong><\/mark><\/h3>\n\n\n\n<p>Tous&nbsp;niveaux du d\u00e9butant&nbsp;aux&nbsp;avanc\u00e9s&nbsp;ceintures marrons<br><span style=\"text-decoration: underline;\">Objectifs<\/span>: &nbsp;perfectionnement, ma\u00eetrise et pr\u00e9paration ceinture noire et comp\u00e9titions<\/p>\n\n\n\n<ul>\n<li>Karat\u00e9 Jutsu :&nbsp;Mercredi 18h00 &#8211;&nbsp;19h30 (vertes \u00e0 noires)&nbsp;<\/li>\n\n\n\n<li>Karat\u00e9 Jutsu : Jeudi 18h15 &#8211; 19h45 (d\u00e9butants \u00e0 orange)&nbsp;<\/li>\n\n\n\n<li>Kobudo: Samedi 9h-10h30 (tous niveaux)&nbsp;<\/li>\n\n\n\n<li>Perfectionnement Kata \/ Combat et Pr\u00e9paration \u00e0 la Comp\u00e9tition. Samedi : \n<ul>\n<li>11h30-12h30 : Kata Cadet \/ Junior \/ S\u00e9nior \/ V\u00e9t\u00e9ran<\/li>\n\n\n\n<li>12h30-13h30 : Kumit\u00e9 Cadet \/ Junior \/ S\u00e9nior \/ V\u00e9t\u00e9ran<\/li>\n\n\n\n<li>13h30-14h30 : Kumite Benjamin \/ Minime<\/li>\n\n\n\n<li>14h30-15h30 : Kata Benjamin \/ Minime<br><strong>Tarif&nbsp;: 354&nbsp;euros \/ an *<\/strong>&nbsp;pour 1 cours&nbsp;par semaine (+100\u20ac par cours suppl\u00e9mentaire)&nbsp;<\/li>\n<\/ul>\n<\/li>\n<\/ul>\n<\/div><\/div>\n\n\n\n<p id=\"cours-adulte\"><\/p>\n\n\n\n<div class=\"wp-block-group\"><div class=\"wp-block-group__inner-container is-layout-constrained wp-block-group-is-layout-constrained\">\n<div id=\"cours-adulte\" class=\"wp-block-group\"><div class=\"wp-block-group__inner-container is-layout-constrained wp-block-group-is-layout-constrained\">\n<h3 class=\"wp-block-heading\" id=\"cours-adulte\"><mark style=\"background-color:rgba(0, 0, 0, 0)\" class=\"has-inline-color has-vivid-red-color\">COURS ADULTES :&nbsp;<strong>15&nbsp;ans et plus<\/strong><\/mark><\/h3>\n\n\n\n<p>Tout niveau (d\u00e9butants, interm\u00e9diaires, avanc\u00e9s)<br><span style=\"text-decoration: underline;\">Objectif&nbsp;1 cours par semaine<\/span> : initiation et pratique de loisir<br><span style=\"text-decoration: underline;\">Objectif&nbsp;2 cours par semaine et +<\/span> : perfectionnement et ma\u00eetrise&nbsp;<\/p>\n\n\n\n<ul>\n<li>Karat\u00e9 Jutsu niveau Marron et Noir :&nbsp;Mercredi 19h30 &#8211; 21h30<\/li>\n\n\n\n<li>Karat\u00e9 Jutsu tout niveau : Jeudi 19h45 &#8211; 21h45<\/li>\n\n\n\n<li>Ju-Jitsu\/ Self-D\u00e9fense&nbsp;: Mardi 19h30 &#8211; 21h30<\/li>\n\n\n\n<li>Kobudo d&rsquo;Okinawa : Samedi 9h00 &#8211; 10h30<\/li>\n\n\n\n<li>Combat, Pr\u00e9paration physique et \u00e0 la Comp\u00e9tition sportive. Samedi : \n<ul>\n<li>11h30 &#8211; 13h00 : Kata Cadet \/ Junior \/ S\u00e9nior \/ V\u00e9t\u00e9ran<\/li>\n\n\n\n<li>12h30-13h30 : Kumit\u00e9 Cadet \/ Junior \/ S\u00e9nior \/ V\u00e9t\u00e9ran<\/li>\n<\/ul>\n<\/li>\n<\/ul>\n\n\n\n<p><strong>Tarif&nbsp;: 474 euros \/ an *<\/strong>&nbsp;pour 3 cours par semaine et plus<br><strong>Tarif&nbsp;: 424&nbsp;euros \/ an *<\/strong>&nbsp;pour 2&nbsp;cours par semaine<br><strong>Tarif&nbsp;: 374&nbsp;euros \/ an *<\/strong>&nbsp;pour 1&nbsp;cours par semaine<\/p>\n\n\n\n<p><em><strong>NB<\/strong>: +50 \u20ac \/ an pour les ceintures marron et noires<\/em><\/p>\n\n\n\n<p><strong>Tarif sp\u00e9cial: 274 euros \/ an *<\/strong>&nbsp;pour 1&nbsp;cours par semaine pour les nouveaux adh\u00e9rents*<br><em>*valable uniquement la premi\u00e8re ann\u00e9e&nbsp;<\/em><\/p>\n<\/div><\/div>\n<\/div><\/div>\n<\/div><\/div>\n<\/div><\/div>\n\n\n\n<p>_______________________________________<\/p>\n\n\n\n<p><em><strong>* r\u00e9duction de 10%<\/strong><\/em>: toute r\u00e9inscription au club, deux&nbsp;inscriptions d\u2019un membre d\u2019une m\u00eame famille ou +, \u00e9tudiants, ch\u00f4meurs,&nbsp;parrainage (10% de r\u00e9duction pour le parrain), quotient&nbsp;familial 1-2-3. Merci de fournir un justifictaif.<\/p>\n\n\n\n<p>L\u2019inscription est valid\u00e9e apr\u00e8s signature et approbation de notre&nbsp;<strong>R\u00e8glement Int\u00e9rieur<\/strong><\/p>\n\n\n\n<p><strong>NB:<\/strong>&nbsp;Possibilit\u00e9 de nous rejoindre en cours de saison, montant de la cotisation au prorata temporis (nous consulter)<\/p>\n\n\n\n<p><strong>Modes de paiement:<\/strong>&nbsp;Pr\u00e9f\u00e9rez le r\u00e8glement par virement. Nous acceptons les paiements par ch\u00e8ques, CB, virements, esp\u00e8ces, ch\u00e8ques-vacances et coupon-sport&nbsp;ANCV ainsi que tickets-loisirs CAF (sous-r\u00e9serve). Il est possible de r\u00e9gler en plusieurs fois sans frais (nous consulter).<\/p>\n\n\n\n<p><\/p>\n\n\n\n<p><\/p>\n\n\n\n<h1 class=\"wp-block-heading\"><br>Professeurs<\/h1>\n\n\n\n<h2 class=\"wp-block-heading\" id=\"block-0c48b048-a956-4922-ac30-967fee7e7539\">Directeur Technique<\/h2>\n\n\n\n<figure class=\"wp-block-image size-full\"><img loading=\"lazy\" decoding=\"async\" width=\"737\" height=\"1024\" src=\"http:\/\/sp12.fr\/accueil\/wp-content\/uploads\/2023\/10\/Jefferson-1.jpeg\" alt=\"Jefferson Bavarois - 6\u00e8me Dan - Directeur Technique\" class=\"wp-image-1507\" srcset=\"https:\/\/sp12.fr\/accueil\/wp-content\/uploads\/2023\/10\/Jefferson-1.jpeg 737w, https:\/\/sp12.fr\/accueil\/wp-content\/uploads\/2023\/10\/Jefferson-1-216x300.jpeg 216w\" sizes=\"(max-width: 737px) 100vw, 737px\" \/><figcaption class=\"wp-element-caption\">Jefferson Bavarois &#8211; 6\u00e8me Dan &#8211; BEES 2\u00b0 degr\u00e9<\/figcaption><\/figure>\n\n\n\n<h3 class=\"wp-block-heading\">Expert en Nihon Ju Jitsu, Karat\u00e9 Wadoryu, Kobudo et Self-D\u00e9fense<\/h3>\n\n\n\n<p>Jefferson a plus de 40 ans de pratique martiale. C&rsquo;est en 1985, \u00e0 l&rsquo;\u00e2ge de 6 ans qu&rsquo;il d\u00e9bute son apprentissage aupr\u00e8s du Dr Philippe RENAULT, fondateur de l&rsquo;\u00e9cole NIHON BU JUTSU RYU (NBJR), qu&rsquo;il cr\u00e9e \u00e0 partir de ses enseignements re\u00e7us au Japon des Ma\u00eetres <strong>Minoru MOCHIZUKI<\/strong> et <strong>Hinori OTSUKA<\/strong> (ma\u00eetre de Karat\u00e9 Wadoryu).  Le NBJR est une \u00e9cole pluridisciplinaire o\u00f9 sont enseign\u00e9s la <strong>\u00ab\u00a0boxe\u00a0\u00bb<\/strong> (KARAT\u00c9), la <strong>\u00ab\u00a0lutte\u00a0\u00bb<\/strong> (JU JITSU) et l&rsquo;<strong>escrime<\/strong> (KOBUDO et KENJUTSU), formant donc des combattants complets. Il y passe ses grades jusqu&rsquo;au 3\u00e8me Dan.<\/p>\n\n\n\n<p>En 2004, Jefferson fait la rencontre de Ma\u00eetre <strong>Hiroji FUKAZAWA<\/strong>, expert japonais en Karat\u00e9 Wadoryu. Il suit son enseignement jusqu&rsquo;\u00e0 son d\u00e9c\u00e8s en 2010. Celui-ci le pr\u00e9parera aux 4\u00e8me et 5\u00e8me Dan.<\/p>\n\n\n\n<p>Parall\u00e8lement, depuis 2006, il red\u00e9couvre la pratique du KOBUDO aupr\u00e8s de Ma\u00eetre <strong>Zenei OSHIRO<\/strong>. En 2019, Ma\u00eetre OSHIRO l&rsquo;accompagne, en tant que directeur de m\u00e9moire, pour son examen de 6\u00e8me Dan qu&rsquo;il pr\u00e9sente en Karat\u00e9 et Kobudo. Ce qui fera de Jefferson, <strong>le plus jeune 6\u00e8me Dan de France<\/strong> \u00e0 40 ans.<\/p>\n\n\n\n<p>Depuis 2010, il diversifie sa pratique et culture des arts martiaux en suivant Ma\u00eetre <strong>Christian TISSIER<\/strong> en A\u00cfKIDO et KEN JUTSU, dont il est aujourd&rsquo;hui 2\u00e8me Dan, ainsi qu&rsquo;en Self-D\u00e9fense Professionnelle en tant que moniteur ASP s\u00e9curit\u00e9.<\/p>\n\n\n\n<p>Directeur technique du SP12, il a form\u00e9 plus de 100 ceintures noires et plus de 35 enseignants depuis 2004. Ce sont, chaque ann\u00e9e, environ 200 \u00e9l\u00e8ves qui suivent son enseignement ou celui de ses assistants.<\/p>\n\n\n\n<p><\/p>\n\n\n\n<p><\/p>\n\n\n\n<p><\/p>\n\n\n\n<h2 class=\"wp-block-heading\">L&rsquo;\u00e9quipe enseignante (assistants)<\/h2>\n\n\n\n<div class=\"wp-block-columns is-layout-flex wp-container-core-columns-is-layout-1 wp-block-columns-is-layout-flex\">\n<div class=\"wp-block-column is-layout-flow wp-block-column-is-layout-flow\">\n<figure class=\"wp-block-image size-full\"><img loading=\"lazy\" decoding=\"async\" width=\"768\" height=\"1024\" src=\"http:\/\/sp12.fr\/accueil\/wp-content\/uploads\/2025\/09\/Justine.jpeg\" alt=\"Justine 4\u00e8me Dan\" class=\"wp-image-1630\" srcset=\"https:\/\/sp12.fr\/accueil\/wp-content\/uploads\/2025\/09\/Justine.jpeg 768w, https:\/\/sp12.fr\/accueil\/wp-content\/uploads\/2025\/09\/Justine-225x300.jpeg 225w\" sizes=\"(max-width: 768px) 100vw, 768px\" \/><figcaption class=\"wp-element-caption\">Justine &#8211; 4\u00e8me Dan<\/figcaption><\/figure>\n\n\n\n<h4 class=\"wp-block-heading\">Session Baby, Enfant, Ado, Adulte, Comp\u00e9tition<\/h4>\n\n\n\n<p><\/p>\n<\/div>\n\n\n\n<div class=\"wp-block-column is-layout-flow wp-block-column-is-layout-flow\">\n<figure class=\"wp-block-image size-full\"><img loading=\"lazy\" decoding=\"async\" width=\"768\" height=\"1024\" src=\"http:\/\/sp12.fr\/accueil\/wp-content\/uploads\/2023\/10\/Cecile.jpeg\" alt=\"C\u00e9cile 3\u00e8me Dan\" class=\"wp-image-1508\" srcset=\"https:\/\/sp12.fr\/accueil\/wp-content\/uploads\/2023\/10\/Cecile.jpeg 768w, https:\/\/sp12.fr\/accueil\/wp-content\/uploads\/2023\/10\/Cecile-225x300.jpeg 225w\" sizes=\"(max-width: 768px) 100vw, 768px\" \/><figcaption class=\"wp-element-caption\">C\u00e9cile &#8211; 3\u00e8me Dan<\/figcaption><\/figure>\n\n\n\n<h4 class=\"wp-block-heading\">Session Enfant, Ado, Adulte, Comp\u00e9tition<\/h4>\n<\/div>\n\n\n\n<div class=\"wp-block-column is-layout-flow wp-block-column-is-layout-flow\">\n<figure class=\"wp-block-image size-large\"><img loading=\"lazy\" decoding=\"async\" width=\"768\" height=\"1024\" src=\"http:\/\/sp12.fr\/accueil\/wp-content\/uploads\/2025\/09\/antonin-768x1024.jpg\" alt=\"Antonin 2\u00e9me Dan\" class=\"wp-image-1631\" srcset=\"https:\/\/sp12.fr\/accueil\/wp-content\/uploads\/2025\/09\/antonin-768x1024.jpg 768w, https:\/\/sp12.fr\/accueil\/wp-content\/uploads\/2025\/09\/antonin-225x300.jpg 225w, https:\/\/sp12.fr\/accueil\/wp-content\/uploads\/2025\/09\/antonin-1152x1536.jpg 1152w, https:\/\/sp12.fr\/accueil\/wp-content\/uploads\/2025\/09\/antonin.jpg 1536w\" sizes=\"(max-width: 768px) 100vw, 768px\" \/><figcaption class=\"wp-element-caption\">Antonin &#8211; 2\u00e9me Dan<\/figcaption><\/figure>\n\n\n\n<h4 class=\"wp-block-heading\">Session Enfant<\/h4>\n<\/div>\n<\/div>\n\n\n\n<div class=\"wp-block-columns is-layout-flex wp-container-core-columns-is-layout-2 wp-block-columns-is-layout-flex\">\n<div class=\"wp-block-column is-layout-flow wp-block-column-is-layout-flow\">\n<figure class=\"wp-block-image size-large\"><img loading=\"lazy\" decoding=\"async\" width=\"768\" height=\"1024\" src=\"https:\/\/sp12.fr\/accueil\/wp-content\/uploads\/2025\/09\/Frederic-768x1024.jpg\" alt=\"Fr\u00e9d\u00e9ric - 3\u00e8me Dan\" class=\"wp-image-1668\" srcset=\"https:\/\/sp12.fr\/accueil\/wp-content\/uploads\/2025\/09\/Frederic-768x1024.jpg 768w, https:\/\/sp12.fr\/accueil\/wp-content\/uploads\/2025\/09\/Frederic-225x300.jpg 225w, https:\/\/sp12.fr\/accueil\/wp-content\/uploads\/2025\/09\/Frederic-1152x1536.jpg 1152w, https:\/\/sp12.fr\/accueil\/wp-content\/uploads\/2025\/09\/Frederic.jpg 1536w\" sizes=\"(max-width: 768px) 100vw, 768px\" \/><figcaption class=\"wp-element-caption\">Fr\u00e9d\u00e9ric &#8211; 3\u00e8me Dan<\/figcaption><\/figure>\n\n\n\n<figure class=\"wp-block-image size-full\"><img loading=\"lazy\" decoding=\"async\" width=\"720\" height=\"960\" src=\"http:\/\/sp12.fr\/accueil\/wp-content\/uploads\/2025\/09\/manu.jpg\" alt=\"Manu 5\u00e8me Dan\" class=\"wp-image-1628\" srcset=\"https:\/\/sp12.fr\/accueil\/wp-content\/uploads\/2025\/09\/manu.jpg 720w, https:\/\/sp12.fr\/accueil\/wp-content\/uploads\/2025\/09\/manu-225x300.jpg 225w\" sizes=\"(max-width: 720px) 100vw, 720px\" \/><figcaption class=\"wp-element-caption\">Manu &#8211; 5\u00e8me Dan<\/figcaption><\/figure>\n\n\n\n<figure class=\"wp-block-image size-large\"><img loading=\"lazy\" decoding=\"async\" width=\"768\" height=\"1024\" src=\"https:\/\/sp12.fr\/accueil\/wp-content\/uploads\/2025\/09\/jeremie-768x1024.jpg\" alt=\"J\u00e9r\u00e9mie - 1er Dan\" class=\"wp-image-1683\" srcset=\"https:\/\/sp12.fr\/accueil\/wp-content\/uploads\/2025\/09\/jeremie-768x1024.jpg 768w, https:\/\/sp12.fr\/accueil\/wp-content\/uploads\/2025\/09\/jeremie-225x300.jpg 225w, https:\/\/sp12.fr\/accueil\/wp-content\/uploads\/2025\/09\/jeremie.jpg 897w\" sizes=\"(max-width: 768px) 100vw, 768px\" \/><figcaption class=\"wp-element-caption\">J\u00e9r\u00e9mie &#8211; 1er Dan<\/figcaption><\/figure>\n<\/div>\n\n\n\n<div class=\"wp-block-column is-layout-flow wp-block-column-is-layout-flow\">\n<figure class=\"wp-block-image size-large\"><img loading=\"lazy\" decoding=\"async\" width=\"768\" height=\"1024\" src=\"http:\/\/sp12.fr\/accueil\/wp-content\/uploads\/2025\/09\/Bruno-768x1024.jpg\" alt=\"Bruno - 3\u00e8me Dan\" class=\"wp-image-1672\" srcset=\"https:\/\/sp12.fr\/accueil\/wp-content\/uploads\/2025\/09\/Bruno-768x1024.jpg 768w, https:\/\/sp12.fr\/accueil\/wp-content\/uploads\/2025\/09\/Bruno-225x300.jpg 225w, https:\/\/sp12.fr\/accueil\/wp-content\/uploads\/2025\/09\/Bruno-1152x1536.jpg 1152w, https:\/\/sp12.fr\/accueil\/wp-content\/uploads\/2025\/09\/Bruno.jpg 1536w\" sizes=\"(max-width: 768px) 100vw, 768px\" \/><figcaption class=\"wp-element-caption\">Bruno &#8211; 3\u00e8me Dan<\/figcaption><\/figure>\n\n\n\n<figure class=\"wp-block-image size-large\"><img loading=\"lazy\" decoding=\"async\" width=\"768\" height=\"1024\" src=\"http:\/\/sp12.fr\/accueil\/wp-content\/uploads\/2025\/09\/amelie-768x1024.jpg\" alt=\"Am\u00e9lie - 1er Dan\" class=\"wp-image-1669\" srcset=\"https:\/\/sp12.fr\/accueil\/wp-content\/uploads\/2025\/09\/amelie-768x1024.jpg 768w, https:\/\/sp12.fr\/accueil\/wp-content\/uploads\/2025\/09\/amelie-225x300.jpg 225w, https:\/\/sp12.fr\/accueil\/wp-content\/uploads\/2025\/09\/amelie-1152x1536.jpg 1152w, https:\/\/sp12.fr\/accueil\/wp-content\/uploads\/2025\/09\/amelie.jpg 1536w\" sizes=\"(max-width: 768px) 100vw, 768px\" \/><figcaption class=\"wp-element-caption\">Am\u00e9lie &#8211; 1er Dan<\/figcaption><\/figure>\n\n\n\n<figure class=\"wp-block-image size-large\"><img loading=\"lazy\" decoding=\"async\" width=\"768\" height=\"1024\" src=\"https:\/\/sp12.fr\/accueil\/wp-content\/uploads\/2025\/09\/Mila-768x1024.jpeg\" alt=\"Mila - 1er Dan\" class=\"wp-image-1684\" srcset=\"https:\/\/sp12.fr\/accueil\/wp-content\/uploads\/2025\/09\/Mila-768x1024.jpeg 768w, https:\/\/sp12.fr\/accueil\/wp-content\/uploads\/2025\/09\/Mila-225x300.jpeg 225w, https:\/\/sp12.fr\/accueil\/wp-content\/uploads\/2025\/09\/Mila-1152x1536.jpeg 1152w, https:\/\/sp12.fr\/accueil\/wp-content\/uploads\/2025\/09\/Mila.jpeg 1200w\" sizes=\"(max-width: 768px) 100vw, 768px\" \/><figcaption class=\"wp-element-caption\">Mila &#8211; 1er Dan<\/figcaption><\/figure>\n<\/div>\n\n\n\n<div class=\"wp-block-column is-layout-flow wp-block-column-is-layout-flow\">\n<figure class=\"wp-block-image size-large\"><img loading=\"lazy\" decoding=\"async\" width=\"768\" height=\"1024\" src=\"https:\/\/sp12.fr\/accueil\/wp-content\/uploads\/2025\/09\/Melvin-768x1024.jpg\" alt=\"Melvin - 1er Dan\" class=\"wp-image-1670\" srcset=\"https:\/\/sp12.fr\/accueil\/wp-content\/uploads\/2025\/09\/Melvin-768x1024.jpg 768w, https:\/\/sp12.fr\/accueil\/wp-content\/uploads\/2025\/09\/Melvin-225x300.jpg 225w, https:\/\/sp12.fr\/accueil\/wp-content\/uploads\/2025\/09\/Melvin-1152x1536.jpg 1152w, https:\/\/sp12.fr\/accueil\/wp-content\/uploads\/2025\/09\/Melvin.jpg 1200w\" sizes=\"(max-width: 768px) 100vw, 768px\" \/><figcaption class=\"wp-element-caption\">Melvin &#8211; 1er Dan<\/figcaption><\/figure>\n\n\n\n<figure class=\"wp-block-image size-full\"><img loading=\"lazy\" decoding=\"async\" width=\"547\" height=\"730\" src=\"https:\/\/sp12.fr\/accueil\/wp-content\/uploads\/2025\/09\/amelieD.jpg\" alt=\"Am\u00e9lie - 1er Dan\" class=\"wp-image-1671\" srcset=\"https:\/\/sp12.fr\/accueil\/wp-content\/uploads\/2025\/09\/amelieD.jpg 547w, https:\/\/sp12.fr\/accueil\/wp-content\/uploads\/2025\/09\/amelieD-225x300.jpg 225w\" sizes=\"(max-width: 547px) 100vw, 547px\" \/><figcaption class=\"wp-element-caption\">Am\u00e9lie &#8211; 1er Dan<\/figcaption><\/figure>\n\n\n\n<figure class=\"wp-block-image size-large\"><img loading=\"lazy\" decoding=\"async\" width=\"768\" height=\"1024\" src=\"https:\/\/sp12.fr\/accueil\/wp-content\/uploads\/2025\/09\/Ilyane-768x1024.jpg\" alt=\"Ilyane - 1er Dan\" class=\"wp-image-1685\" srcset=\"https:\/\/sp12.fr\/accueil\/wp-content\/uploads\/2025\/09\/Ilyane-768x1024.jpg 768w, https:\/\/sp12.fr\/accueil\/wp-content\/uploads\/2025\/09\/Ilyane-225x300.jpg 225w, https:\/\/sp12.fr\/accueil\/wp-content\/uploads\/2025\/09\/Ilyane-1152x1536.jpg 1152w, https:\/\/sp12.fr\/accueil\/wp-content\/uploads\/2025\/09\/Ilyane.jpg 1536w\" sizes=\"(max-width: 768px) 100vw, 768px\" \/><figcaption class=\"wp-element-caption\">Ilyane &#8211; 1er Dan<\/figcaption><\/figure>\n<\/div>\n<\/div>\n","protected":false},"excerpt":{"rendered":"<p>Tarifs karat\u00e9 Paris SP12<\/p>\n","protected":false},"author":3,"featured_media":0,"parent":0,"menu_order":0,"comment_status":"closed","ping_status":"closed","template":"","meta":{"footnotes":""},"_links":{"self":[{"href":"https:\/\/sp12.fr\/accueil\/wp-json\/wp\/v2\/pages\/1422"}],"collection":[{"href":"https:\/\/sp12.fr\/accueil\/wp-json\/wp\/v2\/pages"}],"about":[{"href":"https:\/\/sp12.fr\/accueil\/wp-json\/wp\/v2\/types\/page"}],"author":[{"embeddable":true,"href":"https:\/\/sp12.fr\/accueil\/wp-json\/wp\/v2\/users\/3"}],"replies":[{"embeddable":true,"href":"https:\/\/sp12.fr\/accueil\/wp-json\/wp\/v2\/comments?post=1422"}],"version-history":[{"count":24,"href":"https:\/\/sp12.fr\/accueil\/wp-json\/wp\/v2\/pages\/1422\/revisions"}],"predecessor-version":[{"id":1687,"href":"https:\/\/sp12.fr\/accueil\/wp-json\/wp\/v2\/pages\/1422\/revisions\/1687"}],"wp:attachment":[{"href":"https:\/\/sp12.fr\/accueil\/wp-json\/wp\/v2\/media?parent=1422"}],"curies":[{"name":"wp","href":"https:\/\/api.w.org\/{rel}","templated":true}]}}